{"id":8,"date":"2022-02-20T19:49:53","date_gmt":"2022-02-20T19:49:53","guid":{"rendered":"https:\/\/gjenbrud.no\/?page_id=8"},"modified":"2026-02-22T14:01:33","modified_gmt":"2026-02-22T13:01:33","slug":"om-gjenbrud","status":"publish","type":"page","link":"https:\/\/gjenbrud.no\/index.php\/om-gjenbrud\/","title":{"rendered":"Gjenbrud"},"content":{"rendered":"\n<p>Gjenbrud er et tilbud b\u00e5de for deg som vil kj\u00f8pe brukt brudekjole, og deg som har en brudekjole du vil selge.<\/p>\n\n\n\n<p>Gjenbrud tilbyr brukte brudekjoler i alle stiler, st\u00f8rrelser og prisklasser. <br>I Gjenbrudesalongen i Vestby finner du rundt 120 brudekjoler i str 34-60, fra 1500,- til 20.000,-, b\u00e5de brukte, nye, vintage og moderne.<\/p>\n\n\n<div class=\"wp-block-image is-style-rounded\">\n<figure class=\"aligncenter size-large is-resized\"><img loading=\"lazy\" decoding=\"async\" width=\"731\" height=\"1024\" src=\"https:\/\/gjenbrud.no\/wp-content\/uploads\/2021\/07\/WD7wZEZg-731x1024.jpeg\" alt=\"\" class=\"wp-image-309\" style=\"width:206px;height:auto\" srcset=\"https:\/\/gjenbrud.no\/wp-content\/uploads\/2021\/07\/WD7wZEZg-731x1024.jpeg 731w, https:\/\/gjenbrud.no\/wp-content\/uploads\/2021\/07\/WD7wZEZg-416x582.jpeg 416w, https:\/\/gjenbrud.no\/wp-content\/uploads\/2021\/07\/WD7wZEZg-214x300.jpeg 214w, https:\/\/gjenbrud.no\/wp-content\/uploads\/2021\/07\/WD7wZEZg-768x1075.jpeg 768w, https:\/\/gjenbrud.no\/wp-content\/uploads\/2021\/07\/WD7wZEZg.jpeg 1080w\" sizes=\"auto, (max-width: 731px) 100vw, 731px\" \/><\/figure>\n<\/div>\n\n\n<h2 class=\"wp-block-heading\" style=\"font-size:40px\">Pr\u00f8vetime<\/h2>\n\n\n\n<p>Kom til et hyggelig lokale og pr\u00f8v s\u00e5 mange brukte brudekjoler du vil, med kompetent veiledning, og forlat salongen fullt utstyrt til den store dagen. <a href=\"https:\/\/gjenbrud.no\/index.php\/kjope\/\">Les mer her<\/a><\/p>\n\n\n\n<p><a href=\"http:\/\/calendly.com\/gjenbrud\">Book pr\u00f8vetime<\/a> her. Ledige tider legges ut forl\u00f8pende.<\/p>\n\n\n\n<h2 class=\"wp-block-heading\" style=\"font-size:39px\">Salg<\/h2>\n\n\n\n<p>Lev\u00e9r din brukte brudekjole til Gjenbrud, som gj\u00f8r jobben for deg for en liten andel av salgssummen. <a href=\"https:\/\/gjenbrud.no\/index.php\/selge\/\">Ler mer her<\/a>.<\/p>\n\n\n<div class=\"wp-block-image is-style-rounded\">\n<figure class=\"aligncenter size-large is-resized\"><img loading=\"lazy\" decoding=\"async\" width=\"1024\" height=\"768\" src=\"https:\/\/gjenbrud.no\/wp-content\/uploads\/2023\/12\/IMG_20221029_130359902-1024x768.jpg\" alt=\"\" class=\"wp-image-641\" style=\"width:305px;height:auto\" srcset=\"https:\/\/gjenbrud.no\/wp-content\/uploads\/2023\/12\/IMG_20221029_130359902-1024x768.jpg 1024w, https:\/\/gjenbrud.no\/wp-content\/uploads\/2023\/12\/IMG_20221029_130359902-300x225.jpg 300w, https:\/\/gjenbrud.no\/wp-content\/uploads\/2023\/12\/IMG_20221029_130359902-768x576.jpg 768w, https:\/\/gjenbrud.no\/wp-content\/uploads\/2023\/12\/IMG_20221029_130359902-1536x1152.jpg 1536w, https:\/\/gjenbrud.no\/wp-content\/uploads\/2023\/12\/IMG_20221029_130359902-2048x1536.jpg 2048w, https:\/\/gjenbrud.no\/wp-content\/uploads\/2023\/12\/IMG_20221029_130359902-1200x900.jpg 1200w, https:\/\/gjenbrud.no\/wp-content\/uploads\/2023\/12\/IMG_20221029_130359902-1980x1485.jpg 1980w\" sizes=\"auto, (max-width: 1024px) 100vw, 1024px\" \/><\/figure>\n<\/div>\n\n\n<h2 class=\"wp-block-heading\" style=\"font-size:40px\">&laquo;Er det du som er Gjenbrud?&raquo;<\/h2>\n\n\n\n<p>Gjenbrud er eid og drevet av meg, Kristine. <\/p>\n\n\n\n<p>Jeg bestemte meg for \u00e5 starte Gjenbrud da jeg selv lette etter brukt brudekjole og inns\u00e5 at det hadde v\u00e6rt fantastisk \u00e5 kunne dra ett sted for \u00e5 pr\u00f8ve flere brukte brudekjoler. <a href=\"https:\/\/gjenbrud.no\/index.php\/om-gjenbrud\/historien-om-gjenbrud\/\">Les historien her<\/a><\/p>\n\n\n\n<p>Min lidenskap er \u00e5 hjelpe bruder \u00e5 finne den brudekjolen som gj\u00f8r at de f\u00f8ler seg vakker, og \u00e5 gj\u00f8re det lille jeg kan for en bedre verden.<\/p>\n\n\n\n<p class=\"has-normal-font-size\">Gjenbrud er \u00e5pen etter avtale. <strong>Kontakt meg<\/strong> p\u00e5 epost: gjenbrud at gmail.com, eller send meg en melding p\u00e5 instagram, @gjenbrud<\/p>\n\n\n\n<p class=\"has-small-font-size\">Gjelder det salg av brudekjole, oppgi litt info om brudekjolen (bilde, kj\u00f8ps\u00e5r, merke, \u00f8nsket pris etc).<\/p>\n\n\n\n<p class=\"has-small-font-size\">Gjelder det \u00f8nske om pr\u00f8vetime, oppgi gjerne dager og tidspunkt som passer.<\/p>\n\n\n<div class=\"wp-block-image is-resized is-style-rounded\">\n<figure class=\"aligncenter size-medium\"><img loading=\"lazy\" decoding=\"async\" width=\"214\" height=\"300\" src=\"https:\/\/gjenbrud.no\/wp-content\/uploads\/2021\/07\/dagfLDg-214x300.jpeg\" alt=\"Kristine i brukt brudekjole. \nFra fotoserien Bridezilla. Fotograf June Wits\u00f8e.\" class=\"wp-image-313\" srcset=\"https:\/\/gjenbrud.no\/wp-content\/uploads\/2021\/07\/dagfLDg-214x300.jpeg 214w, https:\/\/gjenbrud.no\/wp-content\/uploads\/2021\/07\/dagfLDg-416x582.jpeg 416w, https:\/\/gjenbrud.no\/wp-content\/uploads\/2021\/07\/dagfLDg-731x1024.jpeg 731w, https:\/\/gjenbrud.no\/wp-content\/uploads\/2021\/07\/dagfLDg-768x1075.jpeg 768w, https:\/\/gjenbrud.no\/wp-content\/uploads\/2021\/07\/dagfLDg.jpeg 1080w\" sizes=\"auto, (max-width: 214px) 100vw, 214px\" \/><figcaption class=\"wp-element-caption\">Fra fotoserien Bridezilla. Fotograf: June Wits\u00f8e<\/figcaption><\/figure>\n<\/div>\n\n\n<h2 class=\"wp-block-heading\" style=\"font-size:40px\">Visjonen<\/h2>\n\n\n\n<p>I tillegg til \u00e5 hjelpe deg \u00e5 finne den rette brudekjolen vil jeg at Gjenbrud skal bidra til bevissthet rundt b\u00e6rekraftig bryllupsfeiring. De fleste brudekjoler brukes jo ikke mange ganger, og det er egentlig ganske synd. Kostbare brudekjoler er kvalitetsh\u00e5ndverk som virkelig fortjener \u00e5 skinne mer enn \u00e9n gang! P\u00e5 Finn ligger flere tusen brudekjoler og venter p\u00e5 \u00e5 bli solgt. Hadde det ikke v\u00e6rt fint \u00e5 kunne komme til ett sted og pr\u00f8ve alle sammen? Kom til Gjenbrud!<\/p>\n\n\n\n<p><br><\/p>\n","protected":false},"excerpt":{"rendered":"<p>Gjenbrud er et tilbud b\u00e5de for deg som vil kj\u00f8pe brukt brudekjole, og deg som har en brudekjole du vil selge. Gjenbrud tilbyr brukte brudekjoler i alle stiler, st\u00f8rrelser og prisklasser. I Gjenbrudesalongen i Vestby finner du rundt 120 brudekjoler i str 34-60, fra 1500,- til 20.000,-, b\u00e5de brukte, nye, vintage og moderne. Pr\u00f8vetime Kom [&hellip;]<\/p>\n","protected":false},"author":1,"featured_media":0,"parent":0,"menu_order":0,"comment_status":"closed","ping_status":"closed","template":"","meta":{"advanced_seo_description":"","jetpack_seo_html_title":"","jetpack_seo_noindex":false,"footnotes":""},"class_list":["post-8","page","type-page","status-publish","hentry"],"jetpack_sharing_enabled":true,"_links":{"self":[{"href":"https:\/\/gjenbrud.no\/index.php\/wp-json\/wp\/v2\/pages\/8","targetHints":{"allow":["GET"]}}],"collection":[{"href":"https:\/\/gjenbrud.no\/index.php\/wp-json\/wp\/v2\/pages"}],"about":[{"href":"https:\/\/gjenbrud.no\/index.php\/wp-json\/wp\/v2\/types\/page"}],"author":[{"embeddable":true,"href":"https:\/\/gjenbrud.no\/index.php\/wp-json\/wp\/v2\/users\/1"}],"replies":[{"embeddable":true,"href":"https:\/\/gjenbrud.no\/index.php\/wp-json\/wp\/v2\/comments?post=8"}],"version-history":[{"count":24,"href":"https:\/\/gjenbrud.no\/index.php\/wp-json\/wp\/v2\/pages\/8\/revisions"}],"predecessor-version":[{"id":1517,"href":"https:\/\/gjenbrud.no\/index.php\/wp-json\/wp\/v2\/pages\/8\/revisions\/1517"}],"wp:attachment":[{"href":"https:\/\/gjenbrud.no\/index.php\/wp-json\/wp\/v2\/media?parent=8"}],"curies":[{"name":"wp","href":"https:\/\/api.w.org\/{rel}","templated":true}]}}