{"id":614,"date":"2023-12-11T23:27:56","date_gmt":"2023-12-11T22:27:56","guid":{"rendered":"https:\/\/gjenbrud.no\/?page_id=614"},"modified":"2023-12-11T23:27:58","modified_gmt":"2023-12-11T22:27:58","slug":"5-steg-til-salg","status":"publish","type":"page","link":"https:\/\/gjenbrud.no\/index.php\/selge\/5-steg-til-salg\/","title":{"rendered":"5 steg til salg"},"content":{"rendered":"\n<p>Markedet for brukte brudekjoler er i vekst, og gjenbruk er i vinden. Mange ser derfor etter brukt brudekjole for \u00e5 spare penger eller milj\u00f8et, eller begge deler.<\/p>\n\n\n\n<p>I denne artikkelen vil jeg gi noen tips til deg som tenker at du skal selge brudekjolen din etter bryllupet.&nbsp;<\/p>\n\n\n\n<h3 class=\"wp-block-heading\">1. Gode bilder:<\/h3>\n\n\n\n<p>F\u00e5 fotografen til \u00e5 ta gode bilder av brudekjolen fra flere vinkler, uten blomster foran og uten brudgom. Det er veldig greit \u00e5 se bilder av kjolen p\u00e5 en ekte kropp.<\/p>\n\n\n\n<p>Hvis du ikke vil vise ansiktet ditt p\u00e5 salgsbilder, kan du holde buketten foran. <\/p>\n\n\n\n<p>Ta ogs\u00e5 bilder av detaljer, som blonder, knapper, lommer.<\/p>\n\n\n\n<p>Et videoklipp kan ogs\u00e5 v\u00e6re fint, da f\u00e5r man sett brudekjolen i bevegelse.<\/p>\n\n\n\n<figure class=\"wp-block-image size-medium is-style-rounded\"><img loading=\"lazy\" decoding=\"async\" width=\"225\" height=\"300\" src=\"https:\/\/gjenbrud.no\/wp-content\/uploads\/2023\/12\/IMG_20221226_121823767-225x300.jpg\" alt=\"\" class=\"wp-image-615\" srcset=\"https:\/\/gjenbrud.no\/wp-content\/uploads\/2023\/12\/IMG_20221226_121823767-225x300.jpg 225w, https:\/\/gjenbrud.no\/wp-content\/uploads\/2023\/12\/IMG_20221226_121823767-768x1024.jpg 768w, https:\/\/gjenbrud.no\/wp-content\/uploads\/2023\/12\/IMG_20221226_121823767-1152x1536.jpg 1152w, https:\/\/gjenbrud.no\/wp-content\/uploads\/2023\/12\/IMG_20221226_121823767-1536x2048.jpg 1536w, https:\/\/gjenbrud.no\/wp-content\/uploads\/2023\/12\/IMG_20221226_121823767-1200x1600.jpg 1200w, https:\/\/gjenbrud.no\/wp-content\/uploads\/2023\/12\/IMG_20221226_121823767-1980x2640.jpg 1980w, https:\/\/gjenbrud.no\/wp-content\/uploads\/2023\/12\/IMG_20221226_121823767-scaled.jpg 1920w\" sizes=\"auto, (max-width: 225px) 100vw, 225px\" \/><\/figure>\n\n\n\n<h3 class=\"wp-block-heading\">2. Rens kjolen.<\/h3>\n\n\n\n<p>S\u00f8rg for \u00e5 f\u00e5 rengjort kjolen s\u00e5 fort som mulig etter bryllupet. Mange f\u00f8ler at dette er en stor kostnad, spesielt n\u00e5r man ikke vet hvor fort man f\u00e5r solgt kjolen eller til hvilken pris,  men rengj\u00f8ring er en del av det \u00e5 ta vare p\u00e5 et nydelig stasplagg, og b\u00f8r tas med i budsjettet helt fra starten. \u00c5 ikke rense brudekjolen vil p\u00e5 sikt redusere verdien kraftig, da flekker setter seg.<\/p>\n\n\n\n<p>At kjolen \u201cbare er brukt \u00e9n gang\u201d er implisitt, og ikke et salgsargument, da det er en av de mest aktive dagene i livet ditt. Svette synes ikke med en gang, men er det som blir styggest og setter seg hardest om det ikke blir fjernet.&nbsp;<\/p>\n\n\n\n<h3 class=\"wp-block-heading\">3. Skriv en utfyllende annonse<\/h3>\n\n\n\n<p>Oppgi s\u00e5 mye informasjon om kjolen som mulig. St\u00f8rrelse er helt essensielt, oppgi gjerne bryst- og midjem\u00e5l, da st\u00f8rrelser ogs\u00e5 kan v\u00e6re villedende ndg brudekjoler <a href=\"http:\/\/gjenbrud.rekreasjon.net\/2021\/08\/11\/et-hjertesukk-om-storrelser\/\">(les <\/a><a href=\"http:\/\/gjenbrud.rekreasjon.net\/2021\/08\/11\/et-hjertesukk-om-storrelser\/\" target=\"_blank\" rel=\"noreferrer noopener\">mer<\/a><a href=\"http:\/\/gjenbrud.rekreasjon.net\/2021\/08\/11\/et-hjertesukk-om-storrelser\/\"> her)<\/a><\/p>\n\n\n\n<p>Oppgi evnt skader eller mangler ved kjolen. Det vil bare gi deg mer troverdighet, og gir en tydelig forventningsavklaring.<\/p>\n\n\n\n<h3 class=\"wp-block-heading\">4. Sett en realistisk pris.<\/h3>\n\n\n\n<p>Det er mye f\u00f8lelser i en brudekjole, og det kan gj\u00f8re det vanskelig \u00e5 vurdere verdien objektivt.<br>Det er vanlig \u00e5 ta halv pris av ny pris for en brudekjole som er under to-tre \u00e5r gammel. Deretter synker prisen. <br>Skader som m\u00e5 repareres, eller flekker, vil ogs\u00e5 trekke ned prisen.<br>Sjekk gjerne andre annonser for samme eller lignende kjoler.&nbsp;<\/p>\n\n\n\n<p>Det finnes utrolig mange brukte brudekjoler p\u00e5 markedet, s\u00e5 til syvende og sist m\u00e5 du selv vurdere om du er villig til \u00e5 vente p\u00e5 den som vil betale det du vil ha, eller om det viktigste er at brudekjolen skal bli brukt om igjen.<\/p>\n\n\n\n<h3 class=\"wp-block-heading\">5. F\u00e5 hjelp<\/h3>\n\n\n\n<p>Om du vil slippe jobben med annonsering og ta imot folk til pr\u00f8ving, overlat hele jobben til Gjenbrud \ud83d\ude00<\/p>\n","protected":false},"excerpt":{"rendered":"<p>Markedet for brukte brudekjoler er i vekst, og gjenbruk er i vinden. Mange ser derfor etter brukt brudekjole for \u00e5 spare penger eller milj\u00f8et, eller begge deler. I denne artikkelen vil jeg gi noen tips til deg som tenker at du skal selge brudekjolen din etter bryllupet.&nbsp; 1. Gode bilder: F\u00e5 fotografen til \u00e5 ta [&hellip;]<\/p>\n","protected":false},"author":1,"featured_media":0,"parent":10,"menu_order":0,"comment_status":"closed","ping_status":"closed","template":"","meta":{"advanced_seo_description":"","jetpack_seo_html_title":"","jetpack_seo_noindex":false,"footnotes":""},"class_list":["post-614","page","type-page","status-publish","hentry"],"jetpack_sharing_enabled":true,"_links":{"self":[{"href":"https:\/\/gjenbrud.no\/index.php\/wp-json\/wp\/v2\/pages\/614","targetHints":{"allow":["GET"]}}],"collection":[{"href":"https:\/\/gjenbrud.no\/index.php\/wp-json\/wp\/v2\/pages"}],"about":[{"href":"https:\/\/gjenbrud.no\/index.php\/wp-json\/wp\/v2\/types\/page"}],"author":[{"embeddable":true,"href":"https:\/\/gjenbrud.no\/index.php\/wp-json\/wp\/v2\/users\/1"}],"replies":[{"embeddable":true,"href":"https:\/\/gjenbrud.no\/index.php\/wp-json\/wp\/v2\/comments?post=614"}],"version-history":[{"count":1,"href":"https:\/\/gjenbrud.no\/index.php\/wp-json\/wp\/v2\/pages\/614\/revisions"}],"predecessor-version":[{"id":616,"href":"https:\/\/gjenbrud.no\/index.php\/wp-json\/wp\/v2\/pages\/614\/revisions\/616"}],"up":[{"embeddable":true,"href":"https:\/\/gjenbrud.no\/index.php\/wp-json\/wp\/v2\/pages\/10"}],"wp:attachment":[{"href":"https:\/\/gjenbrud.no\/index.php\/wp-json\/wp\/v2\/media?parent=614"}],"curies":[{"name":"wp","href":"https:\/\/api.w.org\/{rel}","templated":true}]}}