{"id":611,"date":"2023-12-11T23:21:22","date_gmt":"2023-12-11T22:21:22","guid":{"rendered":"https:\/\/gjenbrud.no\/?page_id=611"},"modified":"2023-12-11T23:21:24","modified_gmt":"2023-12-11T22:21:24","slug":"grunnkurs-i-provetime","status":"publish","type":"page","link":"https:\/\/gjenbrud.no\/index.php\/kjope\/grunnkurs-i-provetime\/","title":{"rendered":"Grunnkurs i pr\u00f8vetime"},"content":{"rendered":"\n<p>Brudekjole er et stasplagg man skal bruke p\u00e5 en av livets st\u00f8rste dager, og det \u00e5 finne den rette kjolen er en stor del av bryllupsplanlegningen.<\/p>\n\n\n\n<p>Man kan selvf\u00f8lgelig gj\u00f8re det kjempeenkelt og kj\u00f8pe en fin kjole man liker p\u00e5 nett. Det kan v\u00e6re risikosport mtp st\u00f8rrelsen, dog. Det som st\u00e5r p\u00e5 lappen er meget ve(il)lledende. De aller fleste har ogs\u00e5 lyst p\u00e5 opplevelsen av \u00e5 komme til en brudesalong og pr\u00f8ve forskjellige kjoler med hjelp og veiledning, og finne akkurat den som passer til seg.<\/p>\n\n\n\n<p>Det kan ogs\u00e5 v\u00e6re litt overveldende \u00e5 st\u00e5 og skulle velge fra stativ p\u00e5 stativ med brudekjoler, s\u00e5 n\u00e5 skal jeg dele noen ting det kan v\u00e6re lurt \u00e5 vite p\u00e5 forh\u00e5nd. Med disse tipsene kan du stille litt mer forberedt p\u00e5 pr\u00f8vetime, og senke skuldrene og bare kose deg med \u00e5 pr\u00f8ve .<\/p>\n\n\n\n<div class=\"wp-block-group\"><div class=\"wp-block-group__inner-container is-layout-constrained wp-block-group-is-layout-constrained\">\n<p><strong>Forberedelser<\/strong><br>Sjekk hva som gjelder i de ulike salongene mtp. avsatt tid og hva du b\u00f8r ha med. <\/p>\n\n\n\n<p>P\u00e5 en vanlig pr\u00f8vetime hos Gjenbrud setter jeg av opp til 2 timer der du f\u00e5r pr\u00f8ve s\u00e5 mange kjoler du vil. Erfaringsmessig n\u00e5r de fleste et metningspunkt etter halvannen time, da har de enten bestemt seg, eller m\u00e5 hjem og tenke litt. <\/p>\n<\/div><\/div>\n\n\n\n<div class=\"wp-block-group\"><div class=\"wp-block-group__inner-container is-layout-constrained wp-block-group-is-layout-constrained\">\n<p><strong>Stil<\/strong><br>Tenk gjennom hva du liker i forkant. Bruk nettet, Pinterest, Instagram, Finn, og skriv gjerne en liten huskelapp med ting du vil pr\u00f8ve. Feks blonder, ballkjole, trompet, stroppel\u00f8s.<\/p>\n\n\n\n<p>V\u00e6r samtidig \u00e5pen for \u00e5 pr\u00f8ve noe nytt. Man er jo ikke vant til \u00e5 se seg selv i brudekjole. Mange ender faktisk opp med noe helt annet enn de s\u00e5 for seg, gjerne med ting man tenkte man ikke skulle ha. Og om ingenting annet blir du ihvertfall helt sikker p\u00e5 hva du ikke vil ha.<\/p>\n<\/div><\/div>\n\n\n\n<div class=\"wp-block-group\"><div class=\"wp-block-group__inner-container is-layout-constrained wp-block-group-is-layout-constrained\">\n<p><strong>Budsjett<\/strong>.<br>Bestem deg og fortell gjerne konsulenten hvor mye du vil bruke p\u00e5 kjole.<\/p>\n\n\n\n<p><em>Hva skal regnes med<\/em>?<br>En ting det er viktig \u00e5 huske p\u00e5 er at brudekjoler ofte b\u00f8r tilpasses av en profesjonell for \u00e5 sitte helt perfekt p\u00e5 deg. Det m\u00e5 beregnes tid og penger til det.<\/p>\n\n\n\n<p>Brudekjolen b\u00f8r renses s\u00e5 fort som mulig, dette er kostbart, men definitivt verdt det, da du tar vare p\u00e5 et kvalitetsplagg, som da kan brukes om igjen, enten av deg eller av noen andre. Jeg betaler rundt 2000,- hos mitt renseri.<br><br>Skal tilbeh\u00f8r som sl\u00f8r, sko, smykker, paraply, undert\u00f8y, bolero, kappe, sjal regnes med?<br>Hva med sminke, h\u00e5r, negler?<br>Det er mange ting som gj\u00f8r en brud, I tillegg til den rette kjolen.<\/p>\n<\/div><\/div>\n\n\n\n<p><strong>St\u00f8rrelse<\/strong>. <br>Ikke tenk at du skal ha en spesifikk st\u00f8rrelse.<br>Det tallet som st\u00e5r p\u00e5 merkelappen er kun veiledende. ulike merker har ulike standarder, og kjoler sitter forskjellig p\u00e5 forskjellige kropper.<br>Brudekjoler lages i flere lag med faste stoffer, for \u00e5 sitte godt p\u00e5 plass. Det kan derfor hende du m\u00e5 ha en st\u00f8rre st\u00f8rrelse enn det du kj\u00f8per i en vanlig klesbutikk. Det sier ingenting om din kropp OG IHVERTFALL ikke noe om din verdi. En brudekjole som sitter godt gj\u00f8r deg vakker uansett hva som st\u00e5r p\u00e5 merkelappen.<\/p>\n\n\n\n<p><strong>Sn\u00f8ring <\/strong>i ryggen gir fleksibilitet og gj\u00f8r kjolen litt lettere \u00e5 tilpasse din kroppsform, men betyr ikke at man kan g\u00e5 opp og ned flere st\u00f8rrelser. Kjolen har fremdeles en passform og er finest om s\u00f8mmene sitter der de skal. Sn\u00f8ring er finest med ca 5-10 cm glippe i ryggen.<\/p>\n\n\n\n<p><strong>Logistikk og praktiske hensyn<\/strong><br>Det er fantastisk \u00e5 se blikket og kroppsspr\u00e5ket til en brud som har f\u00e5tt p\u00e5 seg rett kjole. N\u00e5r kj\u00e6rlighet ved f\u00f8rste blikk er overst\u00e5tt, er det imidlertid lov \u00e5 tenke praktisk.<br>Du skal ikke st\u00e5 rett opp og ned hele dagen. Mest sannsynlig skal du ha kjolen p\u00e5 i over 12 timer. Du skal sitte, st\u00e5, g\u00e5, danse, kj\u00f8re bil, og&#8230;. g\u00e5 p\u00e5 do. Du skal ikke v\u00e6re for varm eller kald. Og du skal kunne slappe av i l\u00f8pet av dagen. Kjolen b\u00f8r v\u00e6re komfortabel, selv om de f\u00e6rreste brudekjoler kan sammenlignes med en joggedress.<\/p>\n\n\n\n<p>\u00d8v p\u00e5 \u00e5 lukke kjolen, sammen med den som skal gj\u00f8re det. Om du har med deg denne personen p\u00e5 pr\u00f8vetime, be gjerne konsulenten om \u00e5 vise dem hvordan. <\/p>\n\n\n\n<p><strong>Tilbeh\u00f8r<\/strong><br>Undert\u00f8y m\u00e5 passe til kjolen.<br>Som sagt skal du ha p\u00e5 kjolen hele dagen, undert\u00f8yet ditt kommer ikke til \u00e5 v\u00e6re sexy p\u00e5 kvelden, v\u00e6r komfortabel i kjolen og ha heller med noe mer spennende til natten om du vil det.<\/p>\n\n\n\n<p>Om kjolen ikke har b\u00e6restykke, trenger du kanskje noe for \u00e5 holde deg varm utover kvelden, feks. en bolero, et sjal eller en kappe. <\/p>\n\n\n\n<p>En bolero kan ogs\u00e5 gi brudekjolen ulike uttrykk og mulighet for \u00e5 variere stilen gjennom dagen uten \u00e5 m\u00e5tte skifte. Mange bruker bolero under vielse i kirke, og tar den av senere. En bolero med ermer kan ogs\u00e5 gi ekstra varme utover kvelden.<\/p>\n\n\n\n<p>Samme med sko. S\u00f8rg for at du har sko du kan bruke lenge. Eller ha med ekstra. Komfort over stil!<\/p>\n\n\n\n<p>Pr\u00f8v brudekjolen med alt; sl\u00f8r, tiara, sko, bolero, pluss pluss, selv om du tror du ikke vil ha det. Man vet aldri. Og om du bestemmer deg for \u00e5 ikke ha noe ekstra har du ihvertfall lekt deg litt.<\/p>\n\n\n\n<p><strong>Trekk pusten<br><\/strong>Kjolepr\u00f8ving kan v\u00e6re slitsomt for kropp og hode, men det skal ogs\u00e5 v\u00e6re g\u00f8y.<\/p>\n\n\n\n<p>Du er ikke n\u00f8dt til \u00e5 bestemme deg der og da. De fleste salonger tillater at du tar bilder av brudekjolene, og s\u00e5 kan du g\u00e5 hjem og se og tenke i ro og mak.<\/p>\n\n\n\n<p>H\u00e5per disse tipsene kan hjelpe deg som leter etter DIN brudekjole.<\/p>\n","protected":false},"excerpt":{"rendered":"<p>Brudekjole er et stasplagg man skal bruke p\u00e5 en av livets st\u00f8rste dager, og det \u00e5 finne den rette kjolen er en stor del av bryllupsplanlegningen. Man kan selvf\u00f8lgelig gj\u00f8re det kjempeenkelt og kj\u00f8pe en fin kjole man liker p\u00e5 nett. Det kan v\u00e6re risikosport mtp st\u00f8rrelsen, dog. Det som st\u00e5r p\u00e5 lappen er meget [&hellip;]<\/p>\n","protected":false},"author":1,"featured_media":0,"parent":5,"menu_order":0,"comment_status":"closed","ping_status":"closed","template":"","meta":{"advanced_seo_description":"","jetpack_seo_html_title":"","jetpack_seo_noindex":false,"footnotes":""},"class_list":["post-611","page","type-page","status-publish","hentry"],"jetpack_sharing_enabled":true,"_links":{"self":[{"href":"https:\/\/gjenbrud.no\/index.php\/wp-json\/wp\/v2\/pages\/611","targetHints":{"allow":["GET"]}}],"collection":[{"href":"https:\/\/gjenbrud.no\/index.php\/wp-json\/wp\/v2\/pages"}],"about":[{"href":"https:\/\/gjenbrud.no\/index.php\/wp-json\/wp\/v2\/types\/page"}],"author":[{"embeddable":true,"href":"https:\/\/gjenbrud.no\/index.php\/wp-json\/wp\/v2\/users\/1"}],"replies":[{"embeddable":true,"href":"https:\/\/gjenbrud.no\/index.php\/wp-json\/wp\/v2\/comments?post=611"}],"version-history":[{"count":1,"href":"https:\/\/gjenbrud.no\/index.php\/wp-json\/wp\/v2\/pages\/611\/revisions"}],"predecessor-version":[{"id":612,"href":"https:\/\/gjenbrud.no\/index.php\/wp-json\/wp\/v2\/pages\/611\/revisions\/612"}],"up":[{"embeddable":true,"href":"https:\/\/gjenbrud.no\/index.php\/wp-json\/wp\/v2\/pages\/5"}],"wp:attachment":[{"href":"https:\/\/gjenbrud.no\/index.php\/wp-json\/wp\/v2\/media?parent=611"}],"curies":[{"name":"wp","href":"https:\/\/api.w.org\/{rel}","templated":true}]}}