{"id":607,"date":"2023-12-11T23:11:15","date_gmt":"2023-12-11T22:11:15","guid":{"rendered":"https:\/\/gjenbrud.no\/?page_id=607"},"modified":"2023-12-12T12:38:53","modified_gmt":"2023-12-12T11:38:53","slug":"bridezilla","status":"publish","type":"page","link":"https:\/\/gjenbrud.no\/index.php\/bridezilla\/","title":{"rendered":"Bridezilla"},"content":{"rendered":"\n<p>En liten tekst der jeg tar et oppgj\u00f8r med &laquo;byrden av \u00e5 burde&raquo;, snill pike-syndrom og at jeg faktisk synes vi damer og bruder burde v\u00e6re litt mindre medgj\u00f8rlige. <\/p>\n\n\n\n<figure class=\"wp-block-image size-large is-resized is-style-rounded\"><img loading=\"lazy\" decoding=\"async\" width=\"731\" height=\"1024\" src=\"https:\/\/gjenbrud.no\/wp-content\/uploads\/2021\/07\/al5vwIKw-731x1024.jpeg\" alt=\"\" class=\"wp-image-308\" style=\"width:425px;height:auto\" srcset=\"https:\/\/gjenbrud.no\/wp-content\/uploads\/2021\/07\/al5vwIKw-731x1024.jpeg 731w, https:\/\/gjenbrud.no\/wp-content\/uploads\/2021\/07\/al5vwIKw-416x582.jpeg 416w, https:\/\/gjenbrud.no\/wp-content\/uploads\/2021\/07\/al5vwIKw-214x300.jpeg 214w, https:\/\/gjenbrud.no\/wp-content\/uploads\/2021\/07\/al5vwIKw-768x1075.jpeg 768w, https:\/\/gjenbrud.no\/wp-content\/uploads\/2021\/07\/al5vwIKw.jpeg 1080w\" sizes=\"auto, (max-width: 731px) 100vw, 731px\" \/><\/figure>\n\n\n\n<h3 class=\"wp-block-heading\">&laquo;Bildet med bannefingeren&raquo;<\/h3>\n\n\n\n<p>I mai 2021 var jeg p\u00e5 en helt fantastisk fotoshoot hos Studio Eplekjekk. Det kan varmt anbefales! Da fotografen June Wits\u00f8e spurte hva slags bilder jeg ville ha, sa jeg: <em>noe annerledes. Noe helt annet enn et vanlig, oppstilt brudekjolebilde av en dame som smiler s\u00f8tt og ser blygt inn i kamera.<\/em><\/p>\n\n\n\n<p>En av bildene ble dette. Da jeg s\u00e5 det tenkte jeg at \u201c<em>det der kan jeg jo ikke bruke, det vil bare sjokkere og provosere, kanskje noen vil ta det ille opp<\/em>\u201d. Og nettopp derfor har jeg bestemt meg for \u00e5 poste det ogs\u00e5.<\/p>\n\n\n\n<h3 class=\"wp-block-heading\">Historien bak<\/h3>\n\n\n\n<figure class=\"wp-block-image size-medium is-style-rounded\"><img loading=\"lazy\" decoding=\"async\" width=\"214\" height=\"300\" src=\"https:\/\/gjenbrud.no\/wp-content\/uploads\/2021\/07\/dagfLDg-214x300.jpeg\" alt=\"\" class=\"wp-image-313\" srcset=\"https:\/\/gjenbrud.no\/wp-content\/uploads\/2021\/07\/dagfLDg-214x300.jpeg 214w, https:\/\/gjenbrud.no\/wp-content\/uploads\/2021\/07\/dagfLDg-416x582.jpeg 416w, https:\/\/gjenbrud.no\/wp-content\/uploads\/2021\/07\/dagfLDg-731x1024.jpeg 731w, https:\/\/gjenbrud.no\/wp-content\/uploads\/2021\/07\/dagfLDg-768x1075.jpeg 768w, https:\/\/gjenbrud.no\/wp-content\/uploads\/2021\/07\/dagfLDg.jpeg 1080w\" sizes=\"auto, (max-width: 214px) 100vw, 214px\" \/><\/figure>\n\n\n\n<p>Med dette bildet vil jeg si noe til dere, til verden og til meg selv.<br>Helt siden jeg begynte \u00e5 bli bevisst p\u00e5 hvem jeg var har jeg levd med den p\u00e5f\u00f8rte skammen ved \u00e5 v\u00e6re annerledes. Jeg har alltid v\u00e6rt en nerd, og frem til jeg var voksen hadde jeg helt andre interesser enn mine jevnaldrende. Jeg kom tidlig i puberteten, og da fikk jeg store former og st\u00f8rre kropp. Og disse tingene er jeg blitt fortalt er feil, at jeg er feil, fordi min kropp ikke passer inn i idealet, og at jeg er rar, fordi jeg har rare interesser.<\/p>\n\n\n\n<p>Derfor har jeg gjemt meg. Valgt kl\u00e6r som folk med min kroppsform \u201cskal ha\u201d og \u201cb\u00f8r bruke\u201d, gjort trygge valg og v\u00e6rt snill pike, pr\u00f8vd \u00e5 v\u00e6re annerledes p\u00e5 en m\u00e5te som ikke skremmer noen vekk, pr\u00f8vd \u00e5 tilpasse meg omgivelsene s\u00e5 godt jeg kan, og ikke skrike s\u00e5 h\u00f8yt om at jeg er annerledes. Jeg har feilet mange ganger, hevet stemmen, g\u00e5tt i r\u00f8d tettsittende kjole, vist en metaforisk finger, og blitt satt godt p\u00e5 plass.<\/p>\n\n\n\n<figure class=\"wp-block-image size-medium is-style-rounded\"><img loading=\"lazy\" decoding=\"async\" width=\"214\" height=\"300\" src=\"https:\/\/gjenbrud.no\/wp-content\/uploads\/2021\/07\/WD7wZEZg-214x300.jpeg\" alt=\"\" class=\"wp-image-309\" srcset=\"https:\/\/gjenbrud.no\/wp-content\/uploads\/2021\/07\/WD7wZEZg-214x300.jpeg 214w, https:\/\/gjenbrud.no\/wp-content\/uploads\/2021\/07\/WD7wZEZg-416x582.jpeg 416w, https:\/\/gjenbrud.no\/wp-content\/uploads\/2021\/07\/WD7wZEZg-731x1024.jpeg 731w, https:\/\/gjenbrud.no\/wp-content\/uploads\/2021\/07\/WD7wZEZg-768x1075.jpeg 768w, https:\/\/gjenbrud.no\/wp-content\/uploads\/2021\/07\/WD7wZEZg.jpeg 1080w\" sizes=\"auto, (max-width: 214px) 100vw, 214px\" \/><\/figure>\n\n\n\n<p>Det er ikke sunt \u00e5 skjule hvem man er. Man g\u00e5r glipp av utrolige muligheter til \u00e5 gj\u00f8re ting og m\u00f8te mennesker som kunne gjort veien mye enklere.<\/p>\n\n\n\n<p>Da jeg giftet meg f\u00f8rste gang hadde jeg et veldig tradisjonelt norsk bryllup, akkurat slik det skulle v\u00e6re. Det var dr\u00f8mmen min, men i all hemmelighet gr\u00e5t jeg fordi jeg ikke passet inn i den. Jeg var ikke slank og pen nok, og m\u00e5tte velge en brudekjole som skjulte det. Jeg f\u00f8lte meg pen p\u00e5 bryllupsdagen min, men valgene mine ble tatt med altfor mange hensyn til \u201cbyrden av \u00e5 burde\u201d.<\/p>\n\n\n\n<figure class=\"wp-block-image size-medium is-style-rounded\"><img loading=\"lazy\" decoding=\"async\" width=\"214\" height=\"300\" src=\"https:\/\/gjenbrud.no\/wp-content\/uploads\/2021\/07\/LYclbTKA-214x300.jpeg\" alt=\"\" class=\"wp-image-310\" srcset=\"https:\/\/gjenbrud.no\/wp-content\/uploads\/2021\/07\/LYclbTKA-214x300.jpeg 214w, https:\/\/gjenbrud.no\/wp-content\/uploads\/2021\/07\/LYclbTKA-416x582.jpeg 416w, https:\/\/gjenbrud.no\/wp-content\/uploads\/2021\/07\/LYclbTKA-731x1024.jpeg 731w, https:\/\/gjenbrud.no\/wp-content\/uploads\/2021\/07\/LYclbTKA-768x1075.jpeg 768w, https:\/\/gjenbrud.no\/wp-content\/uploads\/2021\/07\/LYclbTKA.jpeg 1080w\" sizes=\"auto, (max-width: 214px) 100vw, 214px\" \/><\/figure>\n\n\n\n<p>Da jeg begynte \u00e5 planlegge mitt andre bryllup hadde jeg heldigvis begynt p\u00e5 et seri\u00f8st oppgj\u00f8r med alt det som har holdt meg igjen, og selv om det er lang vei igjen \u00e5 g\u00e5, s\u00e5 var jeg sikker p\u00e5 \u00e9n ting; denne gangen skulle jeg velge den brudekjolen jeg ville ha, ikke den jeg tror at andre synes at jeg burde ha eller den stilguidene har valgt basert p\u00e5 min kroppsform.<\/p>\n\n\n\n<h3 class=\"wp-block-heading\">Ikke lenger flink pike<\/h3>\n\n\n\n<figure class=\"wp-block-image size-medium is-style-rounded\"><img loading=\"lazy\" decoding=\"async\" width=\"214\" height=\"300\" src=\"https:\/\/gjenbrud.no\/wp-content\/uploads\/2021\/07\/eqJoIJ2w-214x300.jpeg\" alt=\"\" class=\"wp-image-311\" srcset=\"https:\/\/gjenbrud.no\/wp-content\/uploads\/2021\/07\/eqJoIJ2w-214x300.jpeg 214w, https:\/\/gjenbrud.no\/wp-content\/uploads\/2021\/07\/eqJoIJ2w-416x582.jpeg 416w, https:\/\/gjenbrud.no\/wp-content\/uploads\/2021\/07\/eqJoIJ2w-731x1024.jpeg 731w, https:\/\/gjenbrud.no\/wp-content\/uploads\/2021\/07\/eqJoIJ2w-768x1075.jpeg 768w, https:\/\/gjenbrud.no\/wp-content\/uploads\/2021\/07\/eqJoIJ2w.jpeg 1080w\" sizes=\"auto, (max-width: 214px) 100vw, 214px\" \/><\/figure>\n\n\n\n<p>Jeg startet Gjenbrud fordi jeg ville v\u00e6re med \u00e5 gj\u00f8re en forskjell. Gj\u00f8re ting p\u00e5 en annen m\u00e5te. Gj\u00f8re gjenbruk og b\u00e6rekraft til en mer normal del av bryllupsplanlegging. Og tilby et st\u00f8rre mangfold av stiler, priser og st\u00f8rrelser, og med det st\u00f8rre valgfrihet.<\/p>\n\n\n\n<p>De f\u00f8rste seri\u00f8se tilbakemeldingene jeg fikk var at jeg m\u00e5tte ha bilder som lignet mer p\u00e5 \u201cde profesjonelle salongene\u201d sine. Det sved. Og s\u00e5 tente det noe i meg.<\/p>\n\n\n\n<p>Gjenbrud er et foretak. Det er per definisjon en profesjonell salong. Mye av motivasjonen bak Gjenbrud er \u00e5 tilby et st\u00f8rre utvalg enn det som er p\u00e5 moten akkurat n\u00e5, \u00e5 ha muligheten til \u00e5 pr\u00f8ve noe annet enn det som er i bryllupsmagasinene hvis man vil det, og finne noe som passer til akkurat deg. Jeg vil ikke at Gjenbrud skal se ut som alle andre, jeg liker at bildene mine stikker seg ut. Og det var mine bilder som havnet i Dittbryllup. De bildene har jeg tatt!<\/p>\n\n\n\n<h3 class=\"wp-block-heading\">Be Bridezilla!<\/h3>\n\n\n\n<figure class=\"wp-block-image size-medium is-style-rounded\"><img loading=\"lazy\" decoding=\"async\" width=\"214\" height=\"300\" src=\"https:\/\/gjenbrud.no\/wp-content\/uploads\/2021\/07\/ctvFoP3w-214x300.jpeg\" alt=\"\" class=\"wp-image-312\" srcset=\"https:\/\/gjenbrud.no\/wp-content\/uploads\/2021\/07\/ctvFoP3w-214x300.jpeg 214w, https:\/\/gjenbrud.no\/wp-content\/uploads\/2021\/07\/ctvFoP3w-416x582.jpeg 416w, https:\/\/gjenbrud.no\/wp-content\/uploads\/2021\/07\/ctvFoP3w-731x1024.jpeg 731w, https:\/\/gjenbrud.no\/wp-content\/uploads\/2021\/07\/ctvFoP3w-768x1075.jpeg 768w, https:\/\/gjenbrud.no\/wp-content\/uploads\/2021\/07\/ctvFoP3w.jpeg 1080w\" sizes=\"auto, (max-width: 214px) 100vw, 214px\" \/><\/figure>\n\n\n\n<p>Jeg brenner hett for at folk skal ha akkurat det bryllupet de vil ha selv. Jeg har v\u00e6rt i mange perfekte bryllup, og det som gjorde de perfekte var at de gjenspeilet brudeparet. I dag p\u00e5virkes vi av s\u00e5 mange ting, vi kaller det \u00e5 hente inspirasjon, men jeg tror ogs\u00e5 vi lar oss fortelle hvordan vi b\u00f8r gj\u00f8re ting, hva vi m\u00e5 ha med, hva folk forventer at et bryllup skal inneholde, mye mer enn vi er klar over.<\/p>\n\n\n\n<p>Disse bildene er en beskjed til alle som sier at jeg m\u00e5 v\u00e6re, gj\u00f8re, se ut som, servere det samme som alle andre: Jeg er FERDIG med det! Og det er min dr\u00f8m for alle som vil bli en Gjenbrud.<\/p>\n","protected":false},"excerpt":{"rendered":"<p>En liten tekst der jeg tar et oppgj\u00f8r med &laquo;byrden av \u00e5 burde&raquo;, snill pike-syndrom og at jeg faktisk synes vi damer og bruder burde v\u00e6re litt mindre medgj\u00f8rlige. &laquo;Bildet med bannefingeren&raquo; I mai 2021 var jeg p\u00e5 en helt fantastisk fotoshoot hos Studio Eplekjekk. Det kan varmt anbefales! Da fotografen June Wits\u00f8e spurte hva [&hellip;]<\/p>\n","protected":false},"author":1,"featured_media":0,"parent":0,"menu_order":0,"comment_status":"closed","ping_status":"closed","template":"","meta":{"advanced_seo_description":"","jetpack_seo_html_title":"","jetpack_seo_noindex":false,"footnotes":""},"class_list":["post-607","page","type-page","status-publish","hentry"],"jetpack_sharing_enabled":true,"_links":{"self":[{"href":"https:\/\/gjenbrud.no\/index.php\/wp-json\/wp\/v2\/pages\/607","targetHints":{"allow":["GET"]}}],"collection":[{"href":"https:\/\/gjenbrud.no\/index.php\/wp-json\/wp\/v2\/pages"}],"about":[{"href":"https:\/\/gjenbrud.no\/index.php\/wp-json\/wp\/v2\/types\/page"}],"author":[{"embeddable":true,"href":"https:\/\/gjenbrud.no\/index.php\/wp-json\/wp\/v2\/users\/1"}],"replies":[{"embeddable":true,"href":"https:\/\/gjenbrud.no\/index.php\/wp-json\/wp\/v2\/comments?post=607"}],"version-history":[{"count":3,"href":"https:\/\/gjenbrud.no\/index.php\/wp-json\/wp\/v2\/pages\/607\/revisions"}],"predecessor-version":[{"id":638,"href":"https:\/\/gjenbrud.no\/index.php\/wp-json\/wp\/v2\/pages\/607\/revisions\/638"}],"wp:attachment":[{"href":"https:\/\/gjenbrud.no\/index.php\/wp-json\/wp\/v2\/media?parent=607"}],"curies":[{"name":"wp","href":"https:\/\/api.w.org\/{rel}","templated":true}]}}