{"id":383,"date":"2022-02-20T22:17:10","date_gmt":"2022-02-20T22:17:10","guid":{"rendered":"https:\/\/gjenbrud.no\/?page_id=383"},"modified":"2025-05-25T20:17:12","modified_gmt":"2025-05-25T19:17:12","slug":"retur_refusjon","status":"publish","type":"page","link":"https:\/\/gjenbrud.no\/index.php\/retur_refusjon\/","title":{"rendered":"Retur og refusjon"},"content":{"rendered":"\n<p class=\"has-text-align-left\">Det er i utgangspunktet ikke returrett p\u00e5 brukte varer. <\/p>\n\n\n\n<p class=\"has-text-align-left\">Jeg \u00f8nsker imidlertid at du skal v\u00e6re forn\u00f8yd med kj\u00f8pet ditt. Dersom du bor for langt unna til \u00e5 pr\u00f8ve varen kan den sendes med faktura, og returneres i samme tilstand. Da betaler man bare frakten. Man m\u00e5 ogs\u00e5 bekoste retur-frakt selv, og varens skal returneres med sporing og forsikring (75,- for sm\u00e5 pakker, 135,- for store).<\/p>\n\n\n\n<p>Faktura som ikke betales innen fristen blir sendt videre til innkreving.<\/p>\n\n\n\n<p>Retur sendes til : {Gjenbrud Gr\u00f8nnings\u00e6ter, Kroerveien 26, 1540 Vestby}.<\/p>\n","protected":false},"excerpt":{"rendered":"<p>Det er i utgangspunktet ikke returrett p\u00e5 brukte varer. Jeg \u00f8nsker imidlertid at du skal v\u00e6re forn\u00f8yd med kj\u00f8pet ditt. Dersom du bor for langt unna til \u00e5 pr\u00f8ve varen kan den sendes med faktura, og returneres i samme tilstand. Da betaler man bare frakten. Man m\u00e5 ogs\u00e5 bekoste retur-frakt selv, og varens skal returneres [&hellip;]<\/p>\n","protected":false},"author":1,"featured_media":0,"parent":0,"menu_order":0,"comment_status":"closed","ping_status":"closed","template":"","meta":{"advanced_seo_description":"","jetpack_seo_html_title":"","jetpack_seo_noindex":false,"footnotes":""},"class_list":["post-383","page","type-page","status-publish","hentry"],"jetpack_sharing_enabled":true,"_links":{"self":[{"href":"https:\/\/gjenbrud.no\/index.php\/wp-json\/wp\/v2\/pages\/383","targetHints":{"allow":["GET"]}}],"collection":[{"href":"https:\/\/gjenbrud.no\/index.php\/wp-json\/wp\/v2\/pages"}],"about":[{"href":"https:\/\/gjenbrud.no\/index.php\/wp-json\/wp\/v2\/types\/page"}],"author":[{"embeddable":true,"href":"https:\/\/gjenbrud.no\/index.php\/wp-json\/wp\/v2\/users\/1"}],"replies":[{"embeddable":true,"href":"https:\/\/gjenbrud.no\/index.php\/wp-json\/wp\/v2\/comments?post=383"}],"version-history":[{"count":6,"href":"https:\/\/gjenbrud.no\/index.php\/wp-json\/wp\/v2\/pages\/383\/revisions"}],"predecessor-version":[{"id":1383,"href":"https:\/\/gjenbrud.no\/index.php\/wp-json\/wp\/v2\/pages\/383\/revisions\/1383"}],"wp:attachment":[{"href":"https:\/\/gjenbrud.no\/index.php\/wp-json\/wp\/v2\/media?parent=383"}],"curies":[{"name":"wp","href":"https:\/\/api.w.org\/{rel}","templated":true}]}}