{"id":10,"date":"2022-02-20T20:01:41","date_gmt":"2022-02-20T20:01:41","guid":{"rendered":"https:\/\/gjenbrud.no\/?page_id=10"},"modified":"2025-10-18T11:27:38","modified_gmt":"2025-10-18T10:27:38","slug":"selge","status":"publish","type":"page","link":"https:\/\/gjenbrud.no\/index.php\/selge\/","title":{"rendered":"Selge brudekjole"},"content":{"rendered":"\n<p>Jeg vil gjerne hjelpe deg \u00e5 selge din brukte brudekjole!<\/p>\n\n\n<div class=\"wp-block-image is-style-rounded\">\n<figure class=\"aligncenter size-medium is-resized\"><img loading=\"lazy\" decoding=\"async\" width=\"225\" height=\"300\" src=\"https:\/\/gjenbrud.no\/wp-content\/uploads\/2023\/12\/P1010151-225x300.jpg\" alt=\"\" class=\"wp-image-628\" style=\"width:238px;height:auto\" srcset=\"https:\/\/gjenbrud.no\/wp-content\/uploads\/2023\/12\/P1010151-225x300.jpg 225w, https:\/\/gjenbrud.no\/wp-content\/uploads\/2023\/12\/P1010151-768x1024.jpg 768w, https:\/\/gjenbrud.no\/wp-content\/uploads\/2023\/12\/P1010151-1152x1536.jpg 1152w, https:\/\/gjenbrud.no\/wp-content\/uploads\/2023\/12\/P1010151-1536x2048.jpg 1536w, https:\/\/gjenbrud.no\/wp-content\/uploads\/2023\/12\/P1010151-1200x1600.jpg 1200w, https:\/\/gjenbrud.no\/wp-content\/uploads\/2023\/12\/P1010151-1980x2640.jpg 1980w, https:\/\/gjenbrud.no\/wp-content\/uploads\/2023\/12\/P1010151-scaled.jpg 1920w\" sizes=\"auto, (max-width: 225px) 100vw, 225px\" \/><\/figure>\n<\/div>\n\n\n<div class=\"wp-block-group\"><div class=\"wp-block-group__inner-container is-layout-constrained wp-block-group-is-layout-constrained\">\n<p><em>Gjenbrud kj\u00f8per ikke brudekjoler, men er et forenklende mellomledd som formidler salg mellom private selgere og kj\u00f8pere<\/em>, <em>ogs\u00e5 kjent som kommisjons-salg<\/em>.<\/p>\n\n\n\n<p>Det fungerer da s\u00e5nn at du sender eller leverer kjolen til Gjenbrudsalongen i Vestby. Jeg tar bilder og legger ut annonse p\u00e5 mine kanaler, og tar imot interesserte kj\u00f8pere for pr\u00f8ving. For dette tar jeg et servicehonorar p\u00e5 350,- betalt i forkant. <\/p>\n\n\n\n<p>Ved salg tar Gjenbrud&nbsp;<strong>35 % (minimum 500,-) av salgssummen<\/strong>&nbsp;i kommisjon.&nbsp;(For tilbeh\u00f8r tas det kun kommisjon.)<\/p>\n\n\n\n<p>I utgangspunktet \u00f8nsker jeg \u00e5 ta inn alle slags brudekjoler, s\u00e5 lenge de er hele og rene, men jeg er dessverre n\u00f8dt til \u00e5 ta hensyn til plass og arbeidskapasitet. Send meg en epost eller melding med bilde og litt info om kjolen f\u00f8r du fyller ut kontrakt og sender avg\u00e5rde kjolen.<\/p>\n<\/div><\/div>\n\n\n\n<div class=\"wp-block-group\"><div class=\"wp-block-group__inner-container is-layout-constrained wp-block-group-is-layout-constrained\">\n<p><strong>Rengj\u00f8ring\/Rens<\/strong><em>:<\/em> Av hygienehensyn\u00a0<em>skal<\/em>\u00a0brudekjolen v\u00e6re rengjort, aller helst renset. Mange flekker kan fjernes hjemme i vasken med mild s\u00e5pe, men bryllupsdagen er en intens dag, uansett hvor kort den er, og svetteflekker blir ikke synlige f\u00f8r de har satt seg i stoffet. Jeg anbefaler derfor \u00e5 f\u00e5 kjolen rengjort s\u00e5 fort som mulig etter bruk!<\/p>\n\n\n\n<p><strong>Prissetting<\/strong>: Det er enklere \u00e5 f\u00e5 noen tusen for en brukt brudekjole n\u00e5r potensielle kj\u00f8pere kan komme og pr\u00f8ve den i salong, sammen med flere andre, enn n\u00e5r den selges fra privathjem eller via Finn. Dessverre synker brudekjoler fort i verdi. Halv pris av ny pris er vanlig utgangspunkt dersom kjolen er hel, ren og av nyere \u00e5rsmodell, etter noen \u00e5r m\u00e5 man nok trekke fra mer. Jeg gir gjerne r\u00e5d om hva som er realistisk pris.<\/p>\n\n\n\n<p><strong>Overhending<\/strong>: Kjolen kan leveres personlig hos Gjenbrud i Vestby (tid avtales p\u00e5 epost eller melding),- eller sendes i posten for eiers regning (135,- med forsikret og sporet Norgespakke fra Posten).<br>Sendes da til Gjenbrud c\/o Kristine Gr\u00f8nnings\u00e6ter, Kroerveien 26, 1540 Vestby.<\/p>\n\n\n\n<p><strong>Retur<\/strong>: Du kan n\u00e5r som helst avslutte kontrakten. Etter 1 \u00e5r f\u00e5r du valget mellom \u00e5 hente kjolen eller \u00e5 f\u00e5 den tilsendt i Posten, mot dekning av transportkostnader (135,-). I noen tilfeller kan ogs\u00e5 kontrakten fornyes.<\/p>\n\n\n\n<p><strong>Hvor fort blir kjolen solgt<\/strong><em>?<\/em>: Det er helt umulig \u00e5 si. Det handler om \u00e5 finne rett kjole til rett brud, og det kan g\u00e5 b\u00e5de fort og sakte. Kontrakten skrives for ett \u00e5r av gangen, og garanterer ikke at brudekjole din blir solgt.<\/p>\n\n\n<div class=\"wp-block-image is-style-rounded\">\n<figure class=\"alignright size-large is-resized\"><img loading=\"lazy\" decoding=\"async\" width=\"543\" height=\"1024\" src=\"https:\/\/gjenbrud.no\/wp-content\/uploads\/2024\/04\/IMG_7676-543x1024.jpg\" alt=\"\" class=\"wp-image-691\" style=\"width:254px;height:auto\" srcset=\"https:\/\/gjenbrud.no\/wp-content\/uploads\/2024\/04\/IMG_7676-543x1024.jpg 543w, https:\/\/gjenbrud.no\/wp-content\/uploads\/2024\/04\/IMG_7676-159x300.jpg 159w, https:\/\/gjenbrud.no\/wp-content\/uploads\/2024\/04\/IMG_7676-768x1448.jpg 768w, https:\/\/gjenbrud.no\/wp-content\/uploads\/2024\/04\/IMG_7676-815x1536.jpg 815w, https:\/\/gjenbrud.no\/wp-content\/uploads\/2024\/04\/IMG_7676-1087x2048.jpg 1087w, https:\/\/gjenbrud.no\/wp-content\/uploads\/2024\/04\/IMG_7676-1200x2262.jpg 1200w, https:\/\/gjenbrud.no\/wp-content\/uploads\/2024\/04\/IMG_7676-scaled.jpg 1358w\" sizes=\"auto, (max-width: 543px) 100vw, 543px\" \/><\/figure>\n<\/div>\n\n\n<p><strong><a href=\"https:\/\/gjenbrud.no\/index.php\/kontakt-meg\/\">Ta kontakt<\/a> <\/strong>dersom du har noen sp\u00f8rsm\u00e5l, helt uforpliktende. <\/p>\n<\/div><\/div>\n","protected":false},"excerpt":{"rendered":"<p>Jeg vil gjerne hjelpe deg \u00e5 selge din brukte brudekjole! Gjenbrud kj\u00f8per ikke brudekjoler, men er et forenklende mellomledd som formidler salg mellom private selgere og kj\u00f8pere, ogs\u00e5 kjent som kommisjons-salg. Det fungerer da s\u00e5nn at du sender eller leverer kjolen til Gjenbrudsalongen i Vestby. Jeg tar bilder og legger ut annonse p\u00e5 mine kanaler, [&hellip;]<\/p>\n","protected":false},"author":1,"featured_media":0,"parent":0,"menu_order":0,"comment_status":"closed","ping_status":"closed","template":"","meta":{"advanced_seo_description":"","jetpack_seo_html_title":"","jetpack_seo_noindex":false,"footnotes":""},"class_list":["post-10","page","type-page","status-publish","hentry"],"jetpack_sharing_enabled":true,"_links":{"self":[{"href":"https:\/\/gjenbrud.no\/index.php\/wp-json\/wp\/v2\/pages\/10","targetHints":{"allow":["GET"]}}],"collection":[{"href":"https:\/\/gjenbrud.no\/index.php\/wp-json\/wp\/v2\/pages"}],"about":[{"href":"https:\/\/gjenbrud.no\/index.php\/wp-json\/wp\/v2\/types\/page"}],"author":[{"embeddable":true,"href":"https:\/\/gjenbrud.no\/index.php\/wp-json\/wp\/v2\/users\/1"}],"replies":[{"embeddable":true,"href":"https:\/\/gjenbrud.no\/index.php\/wp-json\/wp\/v2\/comments?post=10"}],"version-history":[{"count":19,"href":"https:\/\/gjenbrud.no\/index.php\/wp-json\/wp\/v2\/pages\/10\/revisions"}],"predecessor-version":[{"id":1514,"href":"https:\/\/gjenbrud.no\/index.php\/wp-json\/wp\/v2\/pages\/10\/revisions\/1514"}],"wp:attachment":[{"href":"https:\/\/gjenbrud.no\/index.php\/wp-json\/wp\/v2\/media?parent=10"}],"curies":[{"name":"wp","href":"https:\/\/api.w.org\/{rel}","templated":true}]}}